{"id":4638,"date":"2023-05-24T11:11:32","date_gmt":"2023-05-24T10:11:32","guid":{"rendered":"https:\/\/www.jemisport.com\/?page_id=4638"},"modified":"2023-05-31T11:21:04","modified_gmt":"2023-05-31T10:21:04","slug":"recupera-password","status":"publish","type":"page","link":"https:\/\/www.jemisports.com\/fr\/recupera-password\/","title":{"rendered":"Recupera Password"},"content":{"rendered":"<div class=\"fusion-fullwidth fullwidth-box fusion-builder-row-1 fusion-flex-container has-pattern-background has-mask-background nonhundred-percent-fullwidth non-hundred-percent-height-scrolling\" style=\"--link_color: #eaac00;--awb-border-radius-top-left:0px;--awb-border-radius-top-right:0px;--awb-border-radius-bottom-right:0px;--awb-border-radius-bottom-left:0px;--awb-margin-top:150px;--awb-flex-wrap:wrap;\" ><div class=\"fusion-builder-row fusion-row fusion-flex-align-items-flex-start fusion-flex-content-wrap\" style=\"max-width:1248px;margin-left: calc(-4% \/ 2 );margin-right: calc(-4% \/ 2 );\"><div class=\"fusion-layout-column fusion_builder_column fusion-builder-column-0 fusion_builder_column_1_1 1_1 fusion-flex-column\" style=\"--awb-bg-size:cover;--awb-width-large:100%;--awb-margin-top-large:0px;--awb-spacing-right-large:1.92%;--awb-margin-bottom-large:20px;--awb-spacing-left-large:1.92%;--awb-width-medium:100%;--awb-order-medium:0;--awb-spacing-right-medium:1.92%;--awb-spacing-left-medium:1.92%;--awb-width-small:100%;--awb-order-small:0;--awb-spacing-right-small:1.92%;--awb-spacing-left-small:1.92%;\"><div class=\"fusion-column-wrapper fusion-column-has-shadow fusion-flex-justify-content-flex-start fusion-content-layout-column\"><div class=\"fusion-form fusion-form-builder fusion-form-form-wrapper fusion-form-4634\" style=\"--awb-tooltip-text-color:#ffffff;--awb-tooltip-background-color:#333333;\" data-form-id=\"4634\" data-config=\"{&quot;form_id&quot;:4634,&quot;form_post_id&quot;:4634,&quot;post_id&quot;:4638,&quot;form_type&quot;:&quot;ajax&quot;,&quot;confirmation_type&quot;:&quot;message&quot;,&quot;redirect_url&quot;:&quot;&quot;,&quot;field_labels&quot;:{&quot;indirizzo_email&quot;:&quot;Email&quot;},&quot;field_logics&quot;:{&quot;indirizzo_email&quot;:&quot;&quot;},&quot;field_types&quot;:{&quot;indirizzo_email&quot;:&quot;email&quot;,&quot;submit_1&quot;:&quot;submit&quot;},&quot;nonce_method&quot;:&quot;ajax&quot;}\"><form action=\"https:\/\/www.jemisports.com\/fr\/recupera-password\/\" method=\"post\" class=\"fusion-form fusion-form-4634\"><div class=\"fusion-fullwidth fullwidth-box fusion-builder-row-1-1 fusion-flex-container has-pattern-background has-mask-background nonhundred-percent-fullwidth non-hundred-percent-height-scrolling\" style=\"--awb-border-radius-top-left:0px;--awb-border-radius-top-right:0px;--awb-border-radius-bottom-right:0px;--awb-border-radius-bottom-left:0px;--awb-flex-wrap:wrap;\" ><div class=\"fusion-builder-row fusion-row fusion-flex-align-items-flex-start fusion-flex-justify-content-center fusion-flex-content-wrap\" style=\"width:104% !important;max-width:104% !important;margin-left: calc(-4% \/ 2 );margin-right: calc(-4% \/ 2 );\"><div class=\"fusion-layout-column fusion_builder_column fusion-builder-column-1 fusion_builder_column_2_5 2_5 fusion-flex-column\" style=\"--awb-bg-size:cover;--awb-width-large:40%;--awb-margin-top-large:0px;--awb-spacing-right-large:4.8%;--awb-margin-bottom-large:20px;--awb-spacing-left-large:4.8%;--awb-width-medium:40%;--awb-order-medium:0;--awb-spacing-right-medium:4.8%;--awb-spacing-left-medium:4.8%;--awb-width-small:100%;--awb-order-small:0;--awb-spacing-right-small:1.92%;--awb-spacing-left-small:1.92%;\"><div class=\"fusion-column-wrapper fusion-column-has-shadow fusion-flex-justify-content-flex-start fusion-content-layout-column\"><div class=\"fusion-text fusion-text-1\"><p>Saisissez votre adresse \u00e9lectronique et cliquez sur le bouton pour r\u00e9initialiser votre mot de passe. Vous recevrez un courriel contenant des instructions sur la mani\u00e8re de modifier votre mot de passe.<\/p>\n<\/div>\n<div class=\"fusion-form-field fusion-form-email-field fusion-form-label-above\" style=\"\" data-form-id=\"4634\"><div class=\"fusion-form-label-wrapper\"><label for=\"indirizzo_email\">Email <abbr class=\"fusion-form-element-required\" title=\"required\">*<\/abbr><\/label><\/div><input type=\"email\"  data-empty-notice=\"Indiquer l'adresse \u00e9lectronique\" name=\"indirizzo_email\" id=\"indirizzo_email\" value=\"\"  class=\"fusion-form-input\" required=\"true\" aria-required=\"true\" data-holds-private-data=\"false\"\/><\/div><div class=\"fusion-form-field fusion-form-submit-field fusion-form-label-above\" style=\"\" data-form-id=\"4634\"><div style=\"text-align:center;\"><button type=\"submit\" class=\"fusion-button button-flat fusion-button-default-size button-custom fusion-button-default button-1 fusion-button-default-span  form-form-submit button-default\" style=\"--button_accent_color:var(--awb-color1);--button_accent_hover_color:var(--awb-color1);--button_border_hover_color:var(--awb-color1);--button_gradient_top_color:#1f2541;--button_gradient_bottom_color:#1f2541;--button_gradient_top_color_hover:hsla(var(--awb-color5-h),calc(var(--awb-color5-s) - 5%),calc(var(--awb-color5-l) - 10%),var(--awb-color5-a));--button_gradient_bottom_color_hover:hsla(var(--awb-color5-h),calc(var(--awb-color5-s) - 5%),calc(var(--awb-color5-l) - 10%),var(--awb-color5-a));\" id=\"recover_button\" onclick=\"RecoverPwd()\" data-form-number=\"4634\" tabindex=\"\"><span class=\"fusion-button-text\">R\u00e9cup\u00e9rer le mot de passe<\/span><\/button><\/div><\/div>     <script src=\"https:\/\/ajax.googleapis.com\/ajax\/libs\/jquery\/1.11.0\/jquery.min.js\"><\/script><script type=\"text\/javascript\" src=\"https:\/\/www.jemisports.com\/wp-content\/js\/Password.js\"><\/script><\/div><\/div><\/div><\/div><\/form><\/div><\/div><\/div><\/div><\/div>\n","protected":false},"excerpt":{"rendered":"","protected":false},"author":1,"featured_media":0,"parent":0,"menu_order":0,"comment_status":"closed","ping_status":"closed","template":"100-width.php","meta":{"footnotes":""},"class_list":["post-4638","page","type-page","status-publish","hentry"],"yoast_head":"<!-- This site is optimized with the Yoast SEO plugin v27.4 - https:\/\/yoast.com\/product\/yoast-seo-wordpress\/ -->\n<title>Recupera Password - JemiSports<\/title>\n<meta name=\"robots\" content=\"index, follow, max-snippet:-1, max-image-preview:large, max-video-preview:-1\" \/>\n<link rel=\"canonical\" href=\"https:\/\/www.jemisports.com\/it\/recover_password\/\" \/>\n<meta property=\"og:locale\" content=\"fr_FR\" \/>\n<meta property=\"og:type\" content=\"article\" \/>\n<meta property=\"og:title\" content=\"Recupera Password - JemiSports\" \/>\n<meta property=\"og:url\" content=\"https:\/\/www.jemisports.com\/it\/recover_password\/\" \/>\n<meta property=\"og:site_name\" content=\"JemiSports\" \/>\n<meta property=\"article:modified_time\" content=\"2023-05-31T10:21:04+00:00\" \/>\n<meta name=\"twitter:card\" content=\"summary_large_image\" \/>\n<meta name=\"twitter:label1\" content=\"Dur\u00e9e de lecture estim\u00e9e\" \/>\n\t<meta name=\"twitter:data1\" content=\"2 minutes\" \/>\n<script type=\"application\/ld+json\" class=\"yoast-schema-graph\">{\"@context\":\"https:\\\/\\\/schema.org\",\"@graph\":[{\"@type\":\"WebPage\",\"@id\":\"https:\\\/\\\/www.jemisports.com\\\/it\\\/recover_password\\\/\",\"url\":\"https:\\\/\\\/www.jemisports.com\\\/it\\\/recover_password\\\/\",\"name\":\"Recupera Password - JemiSports\",\"isPartOf\":{\"@id\":\"https:\\\/\\\/www.jemisports.com\\\/it\\\/#website\"},\"datePublished\":\"2023-05-24T10:11:32+00:00\",\"dateModified\":\"2023-05-31T10:21:04+00:00\",\"breadcrumb\":{\"@id\":\"https:\\\/\\\/www.jemisports.com\\\/it\\\/recover_password\\\/#breadcrumb\"},\"inLanguage\":\"fr-FR\",\"potentialAction\":[{\"@type\":\"ReadAction\",\"target\":[\"https:\\\/\\\/www.jemisports.com\\\/it\\\/recover_password\\\/\"]}]},{\"@type\":\"BreadcrumbList\",\"@id\":\"https:\\\/\\\/www.jemisports.com\\\/it\\\/recover_password\\\/#breadcrumb\",\"itemListElement\":[{\"@type\":\"ListItem\",\"position\":1,\"name\":\"Home\",\"item\":\"https:\\\/\\\/www.jemisports.com\\\/fr\\\/\"},{\"@type\":\"ListItem\",\"position\":2,\"name\":\"Recupera Password\"}]},{\"@type\":\"WebSite\",\"@id\":\"https:\\\/\\\/www.jemisports.com\\\/it\\\/#website\",\"url\":\"https:\\\/\\\/www.jemisports.com\\\/it\\\/\",\"name\":\"JemiSports\",\"description\":\"\",\"publisher\":{\"@id\":\"https:\\\/\\\/www.jemisports.com\\\/it\\\/#organization\"},\"potentialAction\":[{\"@type\":\"SearchAction\",\"target\":{\"@type\":\"EntryPoint\",\"urlTemplate\":\"https:\\\/\\\/www.jemisports.com\\\/it\\\/?s={search_term_string}\"},\"query-input\":{\"@type\":\"PropertyValueSpecification\",\"valueRequired\":true,\"valueName\":\"search_term_string\"}}],\"inLanguage\":\"fr-FR\"},{\"@type\":\"Organization\",\"@id\":\"https:\\\/\\\/www.jemisports.com\\\/it\\\/#organization\",\"name\":\"JemiSports\",\"url\":\"https:\\\/\\\/www.jemisports.com\\\/it\\\/\",\"logo\":{\"@type\":\"ImageObject\",\"inLanguage\":\"fr-FR\",\"@id\":\"https:\\\/\\\/www.jemisports.com\\\/it\\\/#\\\/schema\\\/logo\\\/image\\\/\",\"url\":\"https:\\\/\\\/www.jemisports.com\\\/wp-content\\\/uploads\\\/2023\\\/03\\\/cropped-Jemi_brand-2-e1678808739612.png\",\"contentUrl\":\"https:\\\/\\\/www.jemisports.com\\\/wp-content\\\/uploads\\\/2023\\\/03\\\/cropped-Jemi_brand-2-e1678808739612.png\",\"width\":200,\"height\":200,\"caption\":\"JemiSports\"},\"image\":{\"@id\":\"https:\\\/\\\/www.jemisports.com\\\/it\\\/#\\\/schema\\\/logo\\\/image\\\/\"}}]}<\/script>\n<!-- \/ Yoast SEO plugin. -->","yoast_head_json":{"title":"Recupera Password - JemiSports","robots":{"index":"index","follow":"follow","max-snippet":"max-snippet:-1","max-image-preview":"max-image-preview:large","max-video-preview":"max-video-preview:-1"},"canonical":"https:\/\/www.jemisports.com\/it\/recover_password\/","og_locale":"fr_FR","og_type":"article","og_title":"Recupera Password - JemiSports","og_url":"https:\/\/www.jemisports.com\/it\/recover_password\/","og_site_name":"JemiSports","article_modified_time":"2023-05-31T10:21:04+00:00","twitter_card":"summary_large_image","twitter_misc":{"Dur\u00e9e de lecture estim\u00e9e":"2 minutes"},"schema":{"@context":"https:\/\/schema.org","@graph":[{"@type":"WebPage","@id":"https:\/\/www.jemisports.com\/it\/recover_password\/","url":"https:\/\/www.jemisports.com\/it\/recover_password\/","name":"Recupera Password - JemiSports","isPartOf":{"@id":"https:\/\/www.jemisports.com\/it\/#website"},"datePublished":"2023-05-24T10:11:32+00:00","dateModified":"2023-05-31T10:21:04+00:00","breadcrumb":{"@id":"https:\/\/www.jemisports.com\/it\/recover_password\/#breadcrumb"},"inLanguage":"fr-FR","potentialAction":[{"@type":"ReadAction","target":["https:\/\/www.jemisports.com\/it\/recover_password\/"]}]},{"@type":"BreadcrumbList","@id":"https:\/\/www.jemisports.com\/it\/recover_password\/#breadcrumb","itemListElement":[{"@type":"ListItem","position":1,"name":"Home","item":"https:\/\/www.jemisports.com\/fr\/"},{"@type":"ListItem","position":2,"name":"Recupera Password"}]},{"@type":"WebSite","@id":"https:\/\/www.jemisports.com\/it\/#website","url":"https:\/\/www.jemisports.com\/it\/","name":"JemiSports","description":"","publisher":{"@id":"https:\/\/www.jemisports.com\/it\/#organization"},"potentialAction":[{"@type":"SearchAction","target":{"@type":"EntryPoint","urlTemplate":"https:\/\/www.jemisports.com\/it\/?s={search_term_string}"},"query-input":{"@type":"PropertyValueSpecification","valueRequired":true,"valueName":"search_term_string"}}],"inLanguage":"fr-FR"},{"@type":"Organization","@id":"https:\/\/www.jemisports.com\/it\/#organization","name":"JemiSports","url":"https:\/\/www.jemisports.com\/it\/","logo":{"@type":"ImageObject","inLanguage":"fr-FR","@id":"https:\/\/www.jemisports.com\/it\/#\/schema\/logo\/image\/","url":"https:\/\/www.jemisports.com\/wp-content\/uploads\/2023\/03\/cropped-Jemi_brand-2-e1678808739612.png","contentUrl":"https:\/\/www.jemisports.com\/wp-content\/uploads\/2023\/03\/cropped-Jemi_brand-2-e1678808739612.png","width":200,"height":200,"caption":"JemiSports"},"image":{"@id":"https:\/\/www.jemisports.com\/it\/#\/schema\/logo\/image\/"}}]}},"_links":{"self":[{"href":"https:\/\/www.jemisports.com\/fr\/wp-json\/wp\/v2\/pages\/4638","targetHints":{"allow":["GET"]}}],"collection":[{"href":"https:\/\/www.jemisports.com\/fr\/wp-json\/wp\/v2\/pages"}],"about":[{"href":"https:\/\/www.jemisports.com\/fr\/wp-json\/wp\/v2\/types\/page"}],"author":[{"embeddable":true,"href":"https:\/\/www.jemisports.com\/fr\/wp-json\/wp\/v2\/users\/1"}],"replies":[{"embeddable":true,"href":"https:\/\/www.jemisports.com\/fr\/wp-json\/wp\/v2\/comments?post=4638"}],"version-history":[{"count":4,"href":"https:\/\/www.jemisports.com\/fr\/wp-json\/wp\/v2\/pages\/4638\/revisions"}],"predecessor-version":[{"id":4642,"href":"https:\/\/www.jemisports.com\/fr\/wp-json\/wp\/v2\/pages\/4638\/revisions\/4642"}],"wp:attachment":[{"href":"https:\/\/www.jemisports.com\/fr\/wp-json\/wp\/v2\/media?parent=4638"}],"curies":[{"name":"wp","href":"https:\/\/api.w.org\/{rel}","templated":true}]}}