{"id":4295,"date":"2023-05-24T08:14:27","date_gmt":"2023-05-24T06:14:27","guid":{"rendered":"https:\/\/www.jemisport.com\/?page_id=4295"},"modified":"2023-05-24T08:55:28","modified_gmt":"2023-05-24T07:55:28","slug":"conferma_email","status":"publish","type":"page","link":"https:\/\/www.jemisports.com\/fr\/conferma_email\/","title":{"rendered":"conferma_email"},"content":{"rendered":"<div class=\"fusion-fullwidth fullwidth-box fusion-builder-row-1 fusion-flex-container has-pattern-background has-mask-background nonhundred-percent-fullwidth non-hundred-percent-height-scrolling\" style=\"--awb-border-radius-top-left:0px;--awb-border-radius-top-right:0px;--awb-border-radius-bottom-right:0px;--awb-border-radius-bottom-left:0px;--awb-padding-top:70px;--awb-flex-wrap:wrap;\" ><div class=\"fusion-builder-row fusion-row fusion-flex-align-items-flex-start fusion-flex-content-wrap\" style=\"max-width:1248px;margin-left: calc(-4% \/ 2 );margin-right: calc(-4% \/ 2 );\"><div class=\"fusion-layout-column fusion_builder_column fusion-builder-column-0 fusion_builder_column_1_1 1_1 fusion-flex-column\" style=\"--awb-bg-size:cover;--awb-width-large:100%;--awb-margin-top-large:0px;--awb-spacing-right-large:1.92%;--awb-margin-bottom-large:20px;--awb-spacing-left-large:1.92%;--awb-width-medium:100%;--awb-order-medium:0;--awb-spacing-right-medium:1.92%;--awb-spacing-left-medium:1.92%;--awb-width-small:100%;--awb-order-small:0;--awb-spacing-right-small:1.92%;--awb-spacing-left-small:1.92%;\"><div class=\"fusion-column-wrapper fusion-column-has-shadow fusion-flex-justify-content-flex-start fusion-content-layout-column\"><div class=\"fusion-title title fusion-title-1 fusion-sep-none fusion-title-center fusion-title-text fusion-title-size-one\" style=\"--awb-text-color:var(--awb-custom_color_1);--awb-font-size:22px;\"><h1 class=\"fusion-title-heading title-heading-center\" style=\"font-family:&quot;Lato&quot;;font-style:normal;font-weight:700;margin:0;font-size:1em;\">EMAIL CONFIRM\u00c9<\/h1><\/div><\/div><\/div><div class=\"fusion-layout-column fusion_builder_column fusion-builder-column-1 fusion_builder_column_1_3 1_3 fusion-flex-column\" style=\"--awb-bg-size:cover;--awb-width-large:33.333333333333%;--awb-margin-top-large:0px;--awb-spacing-right-large:5.76%;--awb-margin-bottom-large:20px;--awb-spacing-left-large:5.76%;--awb-width-medium:33.333333333333%;--awb-order-medium:0;--awb-spacing-right-medium:5.76%;--awb-spacing-left-medium:5.76%;--awb-width-small:100%;--awb-order-small:0;--awb-spacing-right-small:1.92%;--awb-spacing-left-small:1.92%;\"><div class=\"fusion-column-wrapper fusion-column-has-shadow fusion-flex-justify-content-flex-start fusion-content-layout-column\"><\/div><\/div><div class=\"fusion-layout-column fusion_builder_column fusion-builder-column-2 fusion_builder_column_1_3 1_3 fusion-flex-column\" style=\"--awb-bg-size:cover;--awb-width-large:33.333333333333%;--awb-margin-top-large:0px;--awb-spacing-right-large:5.76%;--awb-margin-bottom-large:20px;--awb-spacing-left-large:5.76%;--awb-width-medium:33.333333333333%;--awb-order-medium:0;--awb-spacing-right-medium:5.76%;--awb-spacing-left-medium:5.76%;--awb-width-small:100%;--awb-order-small:0;--awb-spacing-right-small:1.92%;--awb-spacing-left-small:1.92%;\"><div class=\"fusion-column-wrapper fusion-column-has-shadow fusion-flex-justify-content-flex-start fusion-content-layout-column\"><div class=\"fusion-text fusion-text-1\" style=\"--awb-content-alignment:center;--awb-font-size:16px;--awb-text-color:var(--awb-custom_color_1);--awb-text-font-family:&quot;Lato&quot;;--awb-text-font-style:normal;--awb-text-font-weight:400;\"><p>Ton e-mail a \u00e9t\u00e9 confirm\u00e9 avec succ\u00e8s. Tu peux maintenant te connecter.<\/p>\n<\/div><div style=\"text-align:center;\"><a class=\"fusion-button button-flat fusion-button-default-size button-custom fusion-button-default button-1 fusion-button-default-span fusion-button-default-type\" style=\"--button_accent_color:var(--awb-color1);--button_accent_hover_color:var(--awb-color1);--button_border_hover_color:var(--awb-color1);--button_gradient_top_color:var(--awb-custom_color_3);--button_gradient_bottom_color:var(--awb-custom_color_3);--button_gradient_top_color_hover:hsla(var(--awb-color5-h),calc(var(--awb-color5-s) - 5%),calc(var(--awb-color5-l) - 10%),var(--awb-color5-a));--button_gradient_bottom_color_hover:hsla(var(--awb-color5-h),calc(var(--awb-color5-s) - 5%),calc(var(--awb-color5-l) - 10%),var(--awb-color5-a));--button_font_size:18px;--button_typography-font-family:&quot;Lato&quot;;--button_typography-font-style:normal;--button_typography-font-weight:700;\" target=\"_self\" href=\"https:\/\/www.jemisport.com\/fr\/login\/\"><span class=\"fusion-button-text\">SE CONNECTER<\/span><\/a><\/div><\/div><\/div><div class=\"fusion-layout-column fusion_builder_column fusion-builder-column-3 fusion_builder_column_1_3 1_3 fusion-flex-column\" style=\"--awb-bg-size:cover;--awb-width-large:33.333333333333%;--awb-margin-top-large:0px;--awb-spacing-right-large:5.76%;--awb-margin-bottom-large:20px;--awb-spacing-left-large:5.76%;--awb-width-medium:33.333333333333%;--awb-order-medium:0;--awb-spacing-right-medium:5.76%;--awb-spacing-left-medium:5.76%;--awb-width-small:100%;--awb-order-small:0;--awb-spacing-right-small:1.92%;--awb-spacing-left-small:1.92%;\"><div class=\"fusion-column-wrapper fusion-column-has-shadow fusion-flex-justify-content-flex-start fusion-content-layout-column\"><\/div><\/div><\/div><\/div>\n","protected":false},"excerpt":{"rendered":"","protected":false},"author":1,"featured_media":0,"parent":0,"menu_order":0,"comment_status":"closed","ping_status":"closed","template":"100-width.php","meta":{"footnotes":""},"class_list":["post-4295","page","type-page","status-publish","hentry"],"yoast_head":"<!-- This site is optimized with the Yoast SEO plugin v27.3 - https:\/\/yoast.com\/product\/yoast-seo-wordpress\/ -->\n<title>conferma_email - JemiSports<\/title>\n<meta name=\"robots\" content=\"index, follow, max-snippet:-1, max-image-preview:large, max-video-preview:-1\" \/>\n<link rel=\"canonical\" href=\"https:\/\/www.jemisports.com\/it\/conferma_email\/\" \/>\n<meta property=\"og:locale\" content=\"fr_FR\" \/>\n<meta property=\"og:type\" content=\"article\" \/>\n<meta property=\"og:title\" content=\"conferma_email - JemiSports\" \/>\n<meta property=\"og:url\" content=\"https:\/\/www.jemisports.com\/it\/conferma_email\/\" \/>\n<meta property=\"og:site_name\" content=\"JemiSports\" \/>\n<meta property=\"article:modified_time\" content=\"2023-05-24T07:55:28+00:00\" \/>\n<meta name=\"twitter:card\" content=\"summary_large_image\" \/>\n<meta name=\"twitter:label1\" content=\"Dur\u00e9e de lecture estim\u00e9e\" \/>\n\t<meta name=\"twitter:data1\" content=\"5 minutes\" \/>\n<script type=\"application\/ld+json\" class=\"yoast-schema-graph\">{\"@context\":\"https:\\\/\\\/schema.org\",\"@graph\":[{\"@type\":\"WebPage\",\"@id\":\"https:\\\/\\\/www.jemisports.com\\\/it\\\/conferma_email\\\/\",\"url\":\"https:\\\/\\\/www.jemisports.com\\\/it\\\/conferma_email\\\/\",\"name\":\"conferma_email - JemiSports\",\"isPartOf\":{\"@id\":\"https:\\\/\\\/www.jemisports.com\\\/it\\\/#website\"},\"datePublished\":\"2023-05-24T06:14:27+00:00\",\"dateModified\":\"2023-05-24T07:55:28+00:00\",\"breadcrumb\":{\"@id\":\"https:\\\/\\\/www.jemisports.com\\\/it\\\/conferma_email\\\/#breadcrumb\"},\"inLanguage\":\"fr-FR\",\"potentialAction\":[{\"@type\":\"ReadAction\",\"target\":[\"https:\\\/\\\/www.jemisports.com\\\/it\\\/conferma_email\\\/\"]}]},{\"@type\":\"BreadcrumbList\",\"@id\":\"https:\\\/\\\/www.jemisports.com\\\/it\\\/conferma_email\\\/#breadcrumb\",\"itemListElement\":[{\"@type\":\"ListItem\",\"position\":1,\"name\":\"Home\",\"item\":\"https:\\\/\\\/www.jemisports.com\\\/fr\\\/\"},{\"@type\":\"ListItem\",\"position\":2,\"name\":\"conferma_email\"}]},{\"@type\":\"WebSite\",\"@id\":\"https:\\\/\\\/www.jemisports.com\\\/it\\\/#website\",\"url\":\"https:\\\/\\\/www.jemisports.com\\\/it\\\/\",\"name\":\"JemiSports\",\"description\":\"\",\"publisher\":{\"@id\":\"https:\\\/\\\/www.jemisports.com\\\/it\\\/#organization\"},\"potentialAction\":[{\"@type\":\"SearchAction\",\"target\":{\"@type\":\"EntryPoint\",\"urlTemplate\":\"https:\\\/\\\/www.jemisports.com\\\/it\\\/?s={search_term_string}\"},\"query-input\":{\"@type\":\"PropertyValueSpecification\",\"valueRequired\":true,\"valueName\":\"search_term_string\"}}],\"inLanguage\":\"fr-FR\"},{\"@type\":\"Organization\",\"@id\":\"https:\\\/\\\/www.jemisports.com\\\/it\\\/#organization\",\"name\":\"JemiSports\",\"url\":\"https:\\\/\\\/www.jemisports.com\\\/it\\\/\",\"logo\":{\"@type\":\"ImageObject\",\"inLanguage\":\"fr-FR\",\"@id\":\"https:\\\/\\\/www.jemisports.com\\\/it\\\/#\\\/schema\\\/logo\\\/image\\\/\",\"url\":\"https:\\\/\\\/www.jemisports.com\\\/wp-content\\\/uploads\\\/2023\\\/03\\\/cropped-Jemi_brand-2-e1678808739612.png\",\"contentUrl\":\"https:\\\/\\\/www.jemisports.com\\\/wp-content\\\/uploads\\\/2023\\\/03\\\/cropped-Jemi_brand-2-e1678808739612.png\",\"width\":200,\"height\":200,\"caption\":\"JemiSports\"},\"image\":{\"@id\":\"https:\\\/\\\/www.jemisports.com\\\/it\\\/#\\\/schema\\\/logo\\\/image\\\/\"}}]}<\/script>\n<!-- \/ Yoast SEO plugin. -->","yoast_head_json":{"title":"conferma_email - JemiSports","robots":{"index":"index","follow":"follow","max-snippet":"max-snippet:-1","max-image-preview":"max-image-preview:large","max-video-preview":"max-video-preview:-1"},"canonical":"https:\/\/www.jemisports.com\/it\/conferma_email\/","og_locale":"fr_FR","og_type":"article","og_title":"conferma_email - JemiSports","og_url":"https:\/\/www.jemisports.com\/it\/conferma_email\/","og_site_name":"JemiSports","article_modified_time":"2023-05-24T07:55:28+00:00","twitter_card":"summary_large_image","twitter_misc":{"Dur\u00e9e de lecture estim\u00e9e":"5 minutes"},"schema":{"@context":"https:\/\/schema.org","@graph":[{"@type":"WebPage","@id":"https:\/\/www.jemisports.com\/it\/conferma_email\/","url":"https:\/\/www.jemisports.com\/it\/conferma_email\/","name":"conferma_email - JemiSports","isPartOf":{"@id":"https:\/\/www.jemisports.com\/it\/#website"},"datePublished":"2023-05-24T06:14:27+00:00","dateModified":"2023-05-24T07:55:28+00:00","breadcrumb":{"@id":"https:\/\/www.jemisports.com\/it\/conferma_email\/#breadcrumb"},"inLanguage":"fr-FR","potentialAction":[{"@type":"ReadAction","target":["https:\/\/www.jemisports.com\/it\/conferma_email\/"]}]},{"@type":"BreadcrumbList","@id":"https:\/\/www.jemisports.com\/it\/conferma_email\/#breadcrumb","itemListElement":[{"@type":"ListItem","position":1,"name":"Home","item":"https:\/\/www.jemisports.com\/fr\/"},{"@type":"ListItem","position":2,"name":"conferma_email"}]},{"@type":"WebSite","@id":"https:\/\/www.jemisports.com\/it\/#website","url":"https:\/\/www.jemisports.com\/it\/","name":"JemiSports","description":"","publisher":{"@id":"https:\/\/www.jemisports.com\/it\/#organization"},"potentialAction":[{"@type":"SearchAction","target":{"@type":"EntryPoint","urlTemplate":"https:\/\/www.jemisports.com\/it\/?s={search_term_string}"},"query-input":{"@type":"PropertyValueSpecification","valueRequired":true,"valueName":"search_term_string"}}],"inLanguage":"fr-FR"},{"@type":"Organization","@id":"https:\/\/www.jemisports.com\/it\/#organization","name":"JemiSports","url":"https:\/\/www.jemisports.com\/it\/","logo":{"@type":"ImageObject","inLanguage":"fr-FR","@id":"https:\/\/www.jemisports.com\/it\/#\/schema\/logo\/image\/","url":"https:\/\/www.jemisports.com\/wp-content\/uploads\/2023\/03\/cropped-Jemi_brand-2-e1678808739612.png","contentUrl":"https:\/\/www.jemisports.com\/wp-content\/uploads\/2023\/03\/cropped-Jemi_brand-2-e1678808739612.png","width":200,"height":200,"caption":"JemiSports"},"image":{"@id":"https:\/\/www.jemisports.com\/it\/#\/schema\/logo\/image\/"}}]}},"_links":{"self":[{"href":"https:\/\/www.jemisports.com\/fr\/wp-json\/wp\/v2\/pages\/4295","targetHints":{"allow":["GET"]}}],"collection":[{"href":"https:\/\/www.jemisports.com\/fr\/wp-json\/wp\/v2\/pages"}],"about":[{"href":"https:\/\/www.jemisports.com\/fr\/wp-json\/wp\/v2\/types\/page"}],"author":[{"embeddable":true,"href":"https:\/\/www.jemisports.com\/fr\/wp-json\/wp\/v2\/users\/1"}],"replies":[{"embeddable":true,"href":"https:\/\/www.jemisports.com\/fr\/wp-json\/wp\/v2\/comments?post=4295"}],"version-history":[{"count":9,"href":"https:\/\/www.jemisports.com\/fr\/wp-json\/wp\/v2\/pages\/4295\/revisions"}],"predecessor-version":[{"id":4304,"href":"https:\/\/www.jemisports.com\/fr\/wp-json\/wp\/v2\/pages\/4295\/revisions\/4304"}],"wp:attachment":[{"href":"https:\/\/www.jemisports.com\/fr\/wp-json\/wp\/v2\/media?parent=4295"}],"curies":[{"name":"wp","href":"https:\/\/api.w.org\/{rel}","templated":true}]}}