{"id":3595,"date":"2023-05-16T16:36:43","date_gmt":"2023-05-16T16:36:43","guid":{"rendered":"https:\/\/www.jemisport.com\/?page_id=3595"},"modified":"2023-05-17T10:32:45","modified_gmt":"2023-05-17T10:32:45","slug":"mentions-legales","status":"publish","type":"page","link":"https:\/\/www.jemisports.com\/fr\/mentions-legales\/","title":{"rendered":"Mentions l\u00e9gales"},"content":{"rendered":"<div class=\"fusion-fullwidth fullwidth-box fusion-builder-row-1 fusion-flex-container nonhundred-percent-fullwidth non-hundred-percent-height-scrolling\" style=\"--awb-border-radius-top-left:0px;--awb-border-radius-top-right:0px;--awb-border-radius-bottom-right:0px;--awb-border-radius-bottom-left:0px;--awb-padding-top:0px;--awb-flex-wrap:wrap;\" ><div class=\"fusion-builder-row fusion-row fusion-flex-align-items-flex-start fusion-flex-content-wrap\" style=\"max-width:1248px;margin-left: calc(-4% \/ 2 );margin-right: calc(-4% \/ 2 );\"><div class=\"fusion-layout-column fusion_builder_column fusion-builder-column-0 fusion_builder_column_1_1 1_1 fusion-flex-column\" style=\"--awb-bg-size:cover;--awb-width-large:100%;--awb-margin-top-large:0px;--awb-spacing-right-large:1.92%;--awb-margin-bottom-large:20px;--awb-spacing-left-large:1.92%;--awb-width-medium:100%;--awb-order-medium:0;--awb-spacing-right-medium:1.92%;--awb-spacing-left-medium:1.92%;--awb-width-small:100%;--awb-order-small:0;--awb-spacing-right-small:1.92%;--awb-spacing-left-small:1.92%;\"><div class=\"fusion-column-wrapper fusion-column-has-shadow fusion-flex-justify-content-flex-start fusion-content-layout-column\"><\/div><\/div><div class=\"fusion-layout-column fusion_builder_column fusion-builder-column-1 fusion_builder_column_1_1 1_1 fusion-flex-column\" style=\"--awb-bg-size:cover;--awb-width-large:100%;--awb-margin-top-large:0px;--awb-spacing-right-large:1.92%;--awb-margin-bottom-large:20px;--awb-spacing-left-large:1.92%;--awb-width-medium:100%;--awb-order-medium:0;--awb-spacing-right-medium:1.92%;--awb-spacing-left-medium:1.92%;--awb-width-small:100%;--awb-order-small:0;--awb-spacing-right-small:1.92%;--awb-spacing-left-small:1.92%;\"><div class=\"fusion-column-wrapper fusion-column-has-shadow fusion-flex-justify-content-flex-start fusion-content-layout-column\"><\/div><\/div><div class=\"fusion-layout-column fusion_builder_column fusion-builder-column-2 fusion_builder_column_1_1 1_1 fusion-flex-column\" style=\"--awb-bg-size:cover;--awb-width-large:100%;--awb-margin-top-large:0px;--awb-spacing-right-large:1.92%;--awb-margin-bottom-large:20px;--awb-spacing-left-large:1.92%;--awb-width-medium:100%;--awb-order-medium:0;--awb-spacing-right-medium:1.92%;--awb-spacing-left-medium:1.92%;--awb-width-small:100%;--awb-order-small:0;--awb-spacing-right-small:1.92%;--awb-spacing-left-small:1.92%;\"><div class=\"fusion-column-wrapper fusion-column-has-shadow fusion-flex-justify-content-flex-start fusion-content-layout-column\"><\/div><\/div><div class=\"fusion-layout-column fusion_builder_column fusion-builder-column-3 fusion_builder_column_1_1 1_1 fusion-flex-column\" style=\"--awb-bg-size:cover;--awb-width-large:100%;--awb-margin-top-large:0px;--awb-spacing-right-large:1.92%;--awb-margin-bottom-large:20px;--awb-spacing-left-large:1.92%;--awb-width-medium:100%;--awb-order-medium:0;--awb-spacing-right-medium:1.92%;--awb-spacing-left-medium:1.92%;--awb-width-small:100%;--awb-order-small:0;--awb-spacing-right-small:1.92%;--awb-spacing-left-small:1.92%;\"><div class=\"fusion-column-wrapper fusion-column-has-shadow fusion-flex-justify-content-flex-start fusion-content-layout-column\"><div class=\"fusion-title title fusion-title-1 fusion-sep-none fusion-title-text fusion-title-size-one\" style=\"--awb-text-color:#182547;--awb-font-size:30px;\"><h1 class=\"fusion-title-heading title-heading-left\" style=\"font-family:&quot;Lato&quot;;font-style:normal;font-weight:700;margin:0;font-size:1em;text-transform:uppercase;\"><h2 class=\"title-heading-left fusion-responsive-typography-calculated\" data-fontsize=\"25\" data-lineheight=\"32.5px\">Mentions L\u00e8gales<\/h2><\/h1><\/div><\/div><\/div><div class=\"fusion-layout-column fusion_builder_column fusion-builder-column-4 fusion_builder_column_1_3 1_3 fusion-flex-column\" style=\"--awb-bg-size:cover;--awb-width-large:33.333333333333%;--awb-margin-top-large:0px;--awb-spacing-right-large:5.76%;--awb-margin-bottom-large:20px;--awb-spacing-left-large:5.76%;--awb-width-medium:33.333333333333%;--awb-order-medium:0;--awb-spacing-right-medium:5.76%;--awb-spacing-left-medium:5.76%;--awb-width-small:100%;--awb-order-small:0;--awb-spacing-right-small:1.92%;--awb-spacing-left-small:1.92%;\"><div class=\"fusion-column-wrapper fusion-column-has-shadow fusion-flex-justify-content-flex-start fusion-content-layout-column\"><\/div><\/div><div class=\"fusion-layout-column fusion_builder_column fusion-builder-column-5 fusion_builder_column_2_3 2_3 fusion-flex-column\" style=\"--awb-bg-size:cover;--awb-width-large:66.666666666667%;--awb-margin-top-large:0px;--awb-spacing-right-large:2.88%;--awb-margin-bottom-large:20px;--awb-spacing-left-large:2.88%;--awb-width-medium:66.666666666667%;--awb-order-medium:0;--awb-spacing-right-medium:2.88%;--awb-spacing-left-medium:2.88%;--awb-width-small:100%;--awb-order-small:0;--awb-spacing-right-small:1.92%;--awb-spacing-left-small:1.92%;\"><div class=\"fusion-column-wrapper fusion-column-has-shadow fusion-flex-justify-content-flex-start fusion-content-layout-column\"><div class=\"fusion-text fusion-text-1\" style=\"--awb-content-alignment:left;--awb-font-size:16px;--awb-text-color:#182547;--awb-text-font-family:&quot;Lato&quot;;--awb-text-font-style:normal;--awb-text-font-weight:400;\"><p>En vigueur au 16\/05\/2023<\/p>\n<p>Conform\u00e9ment aux dispositions des Articles 6-III et 19 de la Loi n\u00b02004-575 du 21 juin 2004 pour la\u00a0 Confiance dans l\u2019\u00e9conomie num\u00e9rique, dite L.C.E.N., il est port\u00e9 \u00e0 la connaissance des utilisateurs et\u00a0 visiteurs, ci-apr\u00e8s l\u201d\u201dUtilisateur\u201d, du site www.jemisport.com , ci-apr\u00e8s le \u201cSite\u201d, les pr\u00e9sentes\u00a0 mentions l\u00e9gales.<\/p>\n<p>La connexion et la navigation sur le Site par l\u2019Utilisateur implique acceptation int\u00e9grale et sans r\u00e9serve des pr\u00e9sentes mentions l\u00e9gales.<\/p>\n<p>Ces derni\u00e8res sont accessibles sur le Site \u00e0 la rubrique \u00ab Mentions l\u00e9gales \u00bb.<\/p>\n<p>ARTICLE 1 \u2013 L\u2019EDITEUR<\/p>\n<p>L\u2019\u00e9dition du Site est assur\u00e9e par Jemisport\u00a0 SARL au capital de 1000 euros, immatricul\u00e9e au Registre\u00a0 du Commerce et des Soci\u00e9t\u00e9s de Nice sous le num\u00e9ro 949019368 dont le si\u00e8ge social est situ\u00e9 au 15\u00a0 rue des lilas,<\/p>\n<p>Adresse e-mail : Info@jemisport.com.<\/p>\n<p>N\u00b0 de TVA intracommunautaire : FR58949019368<\/p>\n<p>ARTICLE 2 \u2013 L\u2019HEBERGEUR<\/p>\n<p>L\u2019h\u00e9bergeur du Site est la soci\u00e9t\u00e9 SiteGround Spain SRL, dont le si\u00e8ge social est situ\u00e9 au Calle de\u00a0\u00a0 Prim 19, 28004 Madrid, Espagne.<\/p>\n<p>ARTICLE 3 \u2013 ACCES AU SITE<\/p>\n<p>Le Site est accessible en tout endroit, 7j\/7, 24h\/24 sauf cas de force majeure, interruption\u00a0 programm\u00e9e ou non et pouvant d\u00e9coulant d\u2019une n\u00e9cessit\u00e9 de maintenance.<\/p>\n<p>En cas de modification, interruption ou suspension du Site, l\u2019Editeur ne saurait \u00eatre tenu responsable.<\/p>\n<p>ARTICLE 4 \u2013 COLLECTE DES DONNEES<\/p>\n<p>Le Site assure \u00e0 l\u2019Utilisateur une collecte et un traitement d\u2019informations personnelles dans le respect\u00a0 de la vie priv\u00e9e conform\u00e9ment \u00e0 la loi n\u00b078-17 du 6 janvier 1978 relative \u00e0 l\u2019informatique, aux fichiers\u00a0 et aux libert\u00e9s.<\/p>\n<p>1<\/p>\n<p>En vertu de la loi Informatique et Libert\u00e9s, en date du 6 janvier 1978, l\u2019Utilisateur dispose d\u2019un droit\u00a0 d\u2019acc\u00e8s, de rectification, de suppression et d\u2019opposition de ses donn\u00e9es personnelles. L\u2019Utilisateur\u00a0 exerce ce droit :<\/p>\n<ul>\n<li>via un formulaire de contact ;<\/li>\n<\/ul>\n<ul>\n<li>via son espace personnel ;<\/li>\n<\/ul>\n<p>Toute utilisation, reproduction, diffusion, commercialisation, modification de toute ou partie du Site,\u00a0 sans autorisation de l\u2019Editeur est prohib\u00e9e et pourra entra\u00een\u00e9e des actions et poursuites judiciaires\u00a0 telles que notamment pr\u00e9vues par le Code de la propri\u00e9t\u00e9 intellectuelle et le Code civil.<\/p>\n<p>Pour plus d\u2019informations, se reporter aux CGU du site www.jemisport.com accessible \u00e0 la rubrique\u00a0 \u201cCGU\u201d<\/p>\n<p>Pour plus d\u2019informations, se reporter aux CGV du site www.jemisport.com accessible \u00e0 la rubrique\u00a0 \u201cCGV\u201d<\/p>\n<p>Pour plus d\u2019informations en mati\u00e8re de cookies, se reporter \u00e0 la Charte en mati\u00e8re de cookies du site\u00a0 www.jemisport.com accessible \u00e0 la rubrique \u201cCookies\u201d<\/p>\n<p>2<\/p>\n<\/div><div class=\"fusion-separator fusion-full-width-sep\" style=\"align-self: center;margin-left: auto;margin-right: auto;width:100%;\"><div class=\"fusion-separator-border sep-double\" style=\"--awb-height:20px;--awb-amount:20px;border-color:var(--awb-custom_color_2);border-top-width:1px;border-bottom-width:1px;\"><\/div><\/div><\/div><\/div><\/div><\/div>\n\n","protected":false},"excerpt":{"rendered":"","protected":false},"author":1,"featured_media":0,"parent":0,"menu_order":0,"comment_status":"closed","ping_status":"closed","template":"100-width.php","meta":{"footnotes":""},"class_list":["post-3595","page","type-page","status-publish","hentry"],"yoast_head":"<!-- This site is optimized with the Yoast SEO plugin v27.4 - https:\/\/yoast.com\/product\/yoast-seo-wordpress\/ -->\n<title>Mentions l\u00e9gales - JemiSports<\/title>\n<meta name=\"description\" content=\"L\u2019\u00e9quipe de Jemisport est l\u00e0 pour vous aider \u00e0 comprendre tous les termes techniques ainsi que les actions \u00e0 entreprendre pour effectuer\" \/>\n<meta name=\"robots\" content=\"index, follow, max-snippet:-1, max-image-preview:large, max-video-preview:-1\" \/>\n<link rel=\"canonical\" href=\"https:\/\/www.jemisports.com\/fr\/mentions-legales\/\" \/>\n<meta property=\"og:locale\" content=\"fr_FR\" \/>\n<meta property=\"og:type\" content=\"article\" \/>\n<meta property=\"og:title\" content=\"Mentions l\u00e9gales - JemiSports\" \/>\n<meta property=\"og:description\" content=\"L\u2019\u00e9quipe de Jemisport est l\u00e0 pour vous aider \u00e0 comprendre tous les termes techniques ainsi que les actions \u00e0 entreprendre pour effectuer\" \/>\n<meta property=\"og:url\" content=\"https:\/\/www.jemisports.com\/fr\/mentions-legales\/\" \/>\n<meta property=\"og:site_name\" content=\"JemiSports\" \/>\n<meta property=\"article:modified_time\" content=\"2023-05-17T10:32:45+00:00\" \/>\n<meta property=\"og:image\" content=\"https:\/\/www.jemisports.com\/wp-content\/uploads\/2023\/05\/slider3.jpg\" \/>\n\t<meta property=\"og:image:width\" content=\"1600\" \/>\n\t<meta property=\"og:image:height\" content=\"1000\" \/>\n\t<meta property=\"og:image:type\" content=\"image\/jpeg\" \/>\n<meta name=\"twitter:card\" content=\"summary_large_image\" \/>\n<meta name=\"twitter:label1\" content=\"Dur\u00e9e de lecture estim\u00e9e\" \/>\n\t<meta name=\"twitter:data1\" content=\"6 minutes\" \/>\n<script type=\"application\/ld+json\" class=\"yoast-schema-graph\">{\"@context\":\"https:\\\/\\\/schema.org\",\"@graph\":[{\"@type\":\"WebPage\",\"@id\":\"https:\\\/\\\/www.jemisports.com\\\/fr\\\/mentions-legales\\\/\",\"url\":\"https:\\\/\\\/www.jemisports.com\\\/fr\\\/mentions-legales\\\/\",\"name\":\"Mentions l\u00e9gales - JemiSports\",\"isPartOf\":{\"@id\":\"https:\\\/\\\/www.jemisports.com\\\/it\\\/#website\"},\"datePublished\":\"2023-05-16T16:36:43+00:00\",\"dateModified\":\"2023-05-17T10:32:45+00:00\",\"description\":\"L\u2019\u00e9quipe de Jemisport est l\u00e0 pour vous aider \u00e0 comprendre tous les termes techniques ainsi que les actions \u00e0 entreprendre pour effectuer\",\"breadcrumb\":{\"@id\":\"https:\\\/\\\/www.jemisports.com\\\/fr\\\/mentions-legales\\\/#breadcrumb\"},\"inLanguage\":\"fr-FR\",\"potentialAction\":[{\"@type\":\"ReadAction\",\"target\":[\"https:\\\/\\\/www.jemisports.com\\\/fr\\\/mentions-legales\\\/\"]}]},{\"@type\":\"BreadcrumbList\",\"@id\":\"https:\\\/\\\/www.jemisports.com\\\/fr\\\/mentions-legales\\\/#breadcrumb\",\"itemListElement\":[{\"@type\":\"ListItem\",\"position\":1,\"name\":\"Home\",\"item\":\"https:\\\/\\\/www.jemisports.com\\\/fr\\\/\"},{\"@type\":\"ListItem\",\"position\":2,\"name\":\"Mentions l\u00e9gales\"}]},{\"@type\":\"WebSite\",\"@id\":\"https:\\\/\\\/www.jemisports.com\\\/it\\\/#website\",\"url\":\"https:\\\/\\\/www.jemisports.com\\\/it\\\/\",\"name\":\"JemiSports\",\"description\":\"\",\"publisher\":{\"@id\":\"https:\\\/\\\/www.jemisports.com\\\/it\\\/#organization\"},\"potentialAction\":[{\"@type\":\"SearchAction\",\"target\":{\"@type\":\"EntryPoint\",\"urlTemplate\":\"https:\\\/\\\/www.jemisports.com\\\/it\\\/?s={search_term_string}\"},\"query-input\":{\"@type\":\"PropertyValueSpecification\",\"valueRequired\":true,\"valueName\":\"search_term_string\"}}],\"inLanguage\":\"fr-FR\"},{\"@type\":\"Organization\",\"@id\":\"https:\\\/\\\/www.jemisports.com\\\/it\\\/#organization\",\"name\":\"JemiSports\",\"url\":\"https:\\\/\\\/www.jemisports.com\\\/it\\\/\",\"logo\":{\"@type\":\"ImageObject\",\"inLanguage\":\"fr-FR\",\"@id\":\"https:\\\/\\\/www.jemisports.com\\\/it\\\/#\\\/schema\\\/logo\\\/image\\\/\",\"url\":\"https:\\\/\\\/www.jemisports.com\\\/wp-content\\\/uploads\\\/2023\\\/03\\\/cropped-Jemi_brand-2-e1678808739612.png\",\"contentUrl\":\"https:\\\/\\\/www.jemisports.com\\\/wp-content\\\/uploads\\\/2023\\\/03\\\/cropped-Jemi_brand-2-e1678808739612.png\",\"width\":200,\"height\":200,\"caption\":\"JemiSports\"},\"image\":{\"@id\":\"https:\\\/\\\/www.jemisports.com\\\/it\\\/#\\\/schema\\\/logo\\\/image\\\/\"}}]}<\/script>\n<!-- \/ Yoast SEO plugin. -->","yoast_head_json":{"title":"Mentions l\u00e9gales - JemiSports","description":"L\u2019\u00e9quipe de Jemisport est l\u00e0 pour vous aider \u00e0 comprendre tous les termes techniques ainsi que les actions \u00e0 entreprendre pour effectuer","robots":{"index":"index","follow":"follow","max-snippet":"max-snippet:-1","max-image-preview":"max-image-preview:large","max-video-preview":"max-video-preview:-1"},"canonical":"https:\/\/www.jemisports.com\/fr\/mentions-legales\/","og_locale":"fr_FR","og_type":"article","og_title":"Mentions l\u00e9gales - JemiSports","og_description":"L\u2019\u00e9quipe de Jemisport est l\u00e0 pour vous aider \u00e0 comprendre tous les termes techniques ainsi que les actions \u00e0 entreprendre pour effectuer","og_url":"https:\/\/www.jemisports.com\/fr\/mentions-legales\/","og_site_name":"JemiSports","article_modified_time":"2023-05-17T10:32:45+00:00","og_image":[{"width":1600,"height":1000,"url":"https:\/\/www.jemisports.com\/wp-content\/uploads\/2023\/05\/slider3.jpg","type":"image\/jpeg"}],"twitter_card":"summary_large_image","twitter_misc":{"Dur\u00e9e de lecture estim\u00e9e":"6 minutes"},"schema":{"@context":"https:\/\/schema.org","@graph":[{"@type":"WebPage","@id":"https:\/\/www.jemisports.com\/fr\/mentions-legales\/","url":"https:\/\/www.jemisports.com\/fr\/mentions-legales\/","name":"Mentions l\u00e9gales - JemiSports","isPartOf":{"@id":"https:\/\/www.jemisports.com\/it\/#website"},"datePublished":"2023-05-16T16:36:43+00:00","dateModified":"2023-05-17T10:32:45+00:00","description":"L\u2019\u00e9quipe de Jemisport est l\u00e0 pour vous aider \u00e0 comprendre tous les termes techniques ainsi que les actions \u00e0 entreprendre pour effectuer","breadcrumb":{"@id":"https:\/\/www.jemisports.com\/fr\/mentions-legales\/#breadcrumb"},"inLanguage":"fr-FR","potentialAction":[{"@type":"ReadAction","target":["https:\/\/www.jemisports.com\/fr\/mentions-legales\/"]}]},{"@type":"BreadcrumbList","@id":"https:\/\/www.jemisports.com\/fr\/mentions-legales\/#breadcrumb","itemListElement":[{"@type":"ListItem","position":1,"name":"Home","item":"https:\/\/www.jemisports.com\/fr\/"},{"@type":"ListItem","position":2,"name":"Mentions l\u00e9gales"}]},{"@type":"WebSite","@id":"https:\/\/www.jemisports.com\/it\/#website","url":"https:\/\/www.jemisports.com\/it\/","name":"JemiSports","description":"","publisher":{"@id":"https:\/\/www.jemisports.com\/it\/#organization"},"potentialAction":[{"@type":"SearchAction","target":{"@type":"EntryPoint","urlTemplate":"https:\/\/www.jemisports.com\/it\/?s={search_term_string}"},"query-input":{"@type":"PropertyValueSpecification","valueRequired":true,"valueName":"search_term_string"}}],"inLanguage":"fr-FR"},{"@type":"Organization","@id":"https:\/\/www.jemisports.com\/it\/#organization","name":"JemiSports","url":"https:\/\/www.jemisports.com\/it\/","logo":{"@type":"ImageObject","inLanguage":"fr-FR","@id":"https:\/\/www.jemisports.com\/it\/#\/schema\/logo\/image\/","url":"https:\/\/www.jemisports.com\/wp-content\/uploads\/2023\/03\/cropped-Jemi_brand-2-e1678808739612.png","contentUrl":"https:\/\/www.jemisports.com\/wp-content\/uploads\/2023\/03\/cropped-Jemi_brand-2-e1678808739612.png","width":200,"height":200,"caption":"JemiSports"},"image":{"@id":"https:\/\/www.jemisports.com\/it\/#\/schema\/logo\/image\/"}}]}},"_links":{"self":[{"href":"https:\/\/www.jemisports.com\/fr\/wp-json\/wp\/v2\/pages\/3595","targetHints":{"allow":["GET"]}}],"collection":[{"href":"https:\/\/www.jemisports.com\/fr\/wp-json\/wp\/v2\/pages"}],"about":[{"href":"https:\/\/www.jemisports.com\/fr\/wp-json\/wp\/v2\/types\/page"}],"author":[{"embeddable":true,"href":"https:\/\/www.jemisports.com\/fr\/wp-json\/wp\/v2\/users\/1"}],"replies":[{"embeddable":true,"href":"https:\/\/www.jemisports.com\/fr\/wp-json\/wp\/v2\/comments?post=3595"}],"version-history":[{"count":2,"href":"https:\/\/www.jemisports.com\/fr\/wp-json\/wp\/v2\/pages\/3595\/revisions"}],"predecessor-version":[{"id":3684,"href":"https:\/\/www.jemisports.com\/fr\/wp-json\/wp\/v2\/pages\/3595\/revisions\/3684"}],"wp:attachment":[{"href":"https:\/\/www.jemisports.com\/fr\/wp-json\/wp\/v2\/media?parent=3595"}],"curies":[{"name":"wp","href":"https:\/\/api.w.org\/{rel}","templated":true}]}}